{"id":4331,"date":"2021-01-03T15:09:12","date_gmt":"2021-01-03T15:09:12","guid":{"rendered":"https:\/\/yolochoice.com\/?page_id=4331"},"modified":"2021-01-03T15:19:52","modified_gmt":"2021-01-03T15:19:52","slug":"consultoria-educativa-evaluacion-de-perfil-migratorio","status":"publish","type":"page","link":"https:\/\/yolochoice.com\/en\/consultoria-educativa-evaluacion-de-perfil-migratorio\/","title":{"rendered":"Consultor\u00eda Educativa-Evaluacion de perfil migratorio"},"content":{"rendered":"<p>[et_pb_section fb_built=&#8221;1&#8243; _builder_version=&#8221;4.6.5&#8243; _module_preset=&#8221;default&#8221; background_color=&#8221;#d10101&#8243; min_height=&#8221;4300px&#8221; min_height_tablet=&#8221;&#8221; min_height_phone=&#8221;&#8221; min_height_last_edited=&#8221;on|desktop&#8221; height=&#8221;4300px&#8221; height_tablet=&#8221;&#8221; height_phone=&#8221;6500px&#8221; height_last_edited=&#8221;on|phone&#8221; max_height=&#8221;4300px&#8221; max_height_tablet=&#8221;&#8221; max_height_phone=&#8221;6500px&#8221; max_height_last_edited=&#8221;on|phone&#8221;][et_pb_row column_structure=&#8221;1_3,2_3&#8243; _builder_version=&#8221;4.6.5&#8243; _module_preset=&#8221;default&#8221; custom_padding=&#8221;0px||0px||false|false&#8221;][et_pb_column type=&#8221;1_3&#8243; _builder_version=&#8221;4.6.5&#8243; _module_preset=&#8221;default&#8221; custom_css_main_element=&#8221;text-align:center;&#8221;][et_pb_blurb use_icon=&#8221;on&#8221; font_icon=&#8221;%%75%%&#8221; icon_color=&#8221;#ffffff&#8221; use_icon_font_size=&#8221;on&#8221; icon_font_size=&#8221;50px&#8221; _builder_version=&#8221;4.6.5&#8243; _module_preset=&#8221;default&#8221; hover_enabled=&#8221;0&#8243; sticky_enabled=&#8221;0&#8243;]<\/p>\n<h1 style=\"text-align: center;\"><span style=\"color: #ffffff;\"><strong>MEASURE YOUR ENGLISH WITH OUR TEST FREE.<\/strong><\/span><\/h1>\n<p style=\"text-align: justify;\"><span style=\"color: #ffffff;\"><strong>Completa el siguiente formulario para registrarte en nuestro examen gratuito. No olvides marcar la opcion \u27a1\ufe0fEXAMEN de nivelaci\u00f3n de ingl\u00e9s gratuito (Conoce tu nivel de ingl\u00e9s).<\/strong><\/span><\/p>\n<p>[\/et_pb_blurb][\/et_pb_column][et_pb_column type=&#8221;2_3&#8243; _builder_version=&#8221;4.6.5&#8243; _module_preset=&#8221;default&#8221; custom_padding=&#8221;0px||0px|0px|false|false&#8221;][et_pb_code raw_content_tablet=&#8221;&#8221; raw_content_phone=&#8221;&#8221; raw_content_last_edited=&#8221;on|desktop&#8221; _builder_version=&#8221;4.6.5&#8243; _module_preset=&#8221;default&#8221; width=&#8221;%22840%22&#8243; module_alignment=&#8221;right&#8221; min_height=&#8221;4200px&#8221; min_height_tablet=&#8221;&#8221; min_height_phone=&#8221;6100px&#8221; min_height_last_edited=&#8221;on|phone&#8221; height=&#8221;4200px&#8221; height_tablet=&#8221;&#8221; height_phone=&#8221;6100px&#8221; height_last_edited=&#8221;on|desktop&#8221; max_height=&#8221;4200px&#8221; max_height_tablet=&#8221;&#8221; max_height_phone=&#8221;6100px&#8221; max_height_last_edited=&#8221;on|desktop&#8221; custom_padding=&#8221;0px||0px||false|false&#8221;]<script><!-- [et_pb_line_break_holder] -->\t\/*jQuery(function($){<!-- [et_pb_line_break_holder] -->    $('#et_pb_contact_date_0').attr('type', 'date')<!-- [et_pb_line_break_holder] -->  })*\/<!-- [et_pb_line_break_holder] --><\/script><!-- [et_pb_line_break_holder] --><!-- [et_pb_line_break_holder] --><iframe loading=\"lazy\" src=\"https:\/\/docs.google.com\/forms\/d\/e\/1FAIpQLSeJvrV5Pj-uR6_7gqLEpD22yf3c5dIg5NAiHX7wRXcrA1qr_A\/viewform?embedded=true\" scrolling=\"no\" width=\"840\" height=\"4300\" frameborder=\"0\" marginheight=\"0\" marginwidth=\"0\">Loading\u2026<\/iframe>[\/et_pb_code][\/et_pb_column][\/et_pb_row][\/et_pb_section]<\/p>\n","protected":false},"excerpt":{"rendered":"<p>MEASURE YOUR ENGLISH WITH OUR TEST FREE. Completa el siguiente formulario para registrarte en nuestro examen gratuito. No olvides marcar la opcion \u27a1\ufe0fEXAMEN de nivelaci\u00f3n de ingl\u00e9s gratuito (Conoce tu nivel de ingl\u00e9s).<\/p>\n","protected":false},"author":2,"featured_media":0,"parent":0,"menu_order":0,"comment_status":"closed","ping_status":"closed","template":"","meta":{"_et_pb_use_builder":"on","_et_pb_old_content":"","_et_gb_content_width":"","_joinchat":[],"footnotes":""},"class_list":["post-4331","page","type-page","status-publish","hentry"],"yoast_head":"<!-- This site is optimized with the Yoast SEO plugin v27.2 - https:\/\/yoast.com\/product\/yoast-seo-wordpress\/ -->\n<title>Consultor\u00eda Educativa-Evaluacion de perfil migratorio - YoloChoice<\/title>\n<meta name=\"robots\" content=\"index, follow, max-snippet:-1, max-image-preview:large, max-video-preview:-1\" \/>\n<link rel=\"canonical\" href=\"https:\/\/yolochoice.com\/consultoria-educativa-evaluacion-de-perfil-migratorio\/?lang=en\" \/>\n<meta property=\"og:locale\" content=\"en_US\" \/>\n<meta property=\"og:type\" content=\"article\" \/>\n<meta property=\"og:title\" content=\"Consultor\u00eda Educativa-Evaluacion de perfil migratorio - YoloChoice\" \/>\n<meta property=\"og:description\" content=\"MEASURE YOUR ENGLISH WITH OUR TEST FREE. Completa el siguiente formulario para registrarte en nuestro examen gratuito. No olvides marcar la opcion \u27a1\ufe0fEXAMEN de nivelaci\u00f3n de ingl\u00e9s gratuito (Conoce tu nivel de ingl\u00e9s).\" \/>\n<meta property=\"og:url\" content=\"https:\/\/yolochoice.com\/consultoria-educativa-evaluacion-de-perfil-migratorio\/?lang=en\" \/>\n<meta property=\"og:site_name\" content=\"YoloChoice\" \/>\n<meta property=\"article:publisher\" content=\"https:\/\/www.facebook.com\/yolochoice\" \/>\n<meta property=\"article:modified_time\" content=\"2021-01-03T15:19:52+00:00\" \/>\n<meta name=\"twitter:card\" content=\"summary_large_image\" \/>\n<meta name=\"twitter:label1\" content=\"Est. reading time\" \/>\n\t<meta name=\"twitter:data1\" content=\"1 minute\" \/>\n<script type=\"application\/ld+json\" class=\"yoast-schema-graph\">{\"@context\":\"https:\/\/schema.org\",\"@graph\":[{\"@type\":\"WebPage\",\"@id\":\"https:\/\/yolochoice.com\/consultoria-educativa-evaluacion-de-perfil-migratorio\/?lang=en\",\"url\":\"https:\/\/yolochoice.com\/consultoria-educativa-evaluacion-de-perfil-migratorio\/?lang=en\",\"name\":\"Consultor\u00eda Educativa-Evaluacion de perfil migratorio - YoloChoice\",\"isPartOf\":{\"@id\":\"https:\/\/yolochoice.com\/#website\"},\"datePublished\":\"2021-01-03T15:09:12+00:00\",\"dateModified\":\"2021-01-03T15:19:52+00:00\",\"breadcrumb\":{\"@id\":\"https:\/\/yolochoice.com\/consultoria-educativa-evaluacion-de-perfil-migratorio\/?lang=en#breadcrumb\"},\"inLanguage\":\"en-US\",\"potentialAction\":[{\"@type\":\"ReadAction\",\"target\":[\"https:\/\/yolochoice.com\/consultoria-educativa-evaluacion-de-perfil-migratorio\/?lang=en\"]}]},{\"@type\":\"BreadcrumbList\",\"@id\":\"https:\/\/yolochoice.com\/consultoria-educativa-evaluacion-de-perfil-migratorio\/?lang=en#breadcrumb\",\"itemListElement\":[{\"@type\":\"ListItem\",\"position\":1,\"name\":\"Portada\",\"item\":\"https:\/\/yolochoice.com\/\"},{\"@type\":\"ListItem\",\"position\":2,\"name\":\"Consultor\u00eda Educativa-Evaluacion de perfil migratorio\"}]},{\"@type\":\"WebSite\",\"@id\":\"https:\/\/yolochoice.com\/#website\",\"url\":\"https:\/\/yolochoice.com\/\",\"name\":\"YoloChoice\",\"description\":\"Estudia y trabaja en el extranjero\",\"publisher\":{\"@id\":\"https:\/\/yolochoice.com\/#organization\"},\"potentialAction\":[{\"@type\":\"SearchAction\",\"target\":{\"@type\":\"EntryPoint\",\"urlTemplate\":\"https:\/\/yolochoice.com\/?s={search_term_string}\"},\"query-input\":{\"@type\":\"PropertyValueSpecification\",\"valueRequired\":true,\"valueName\":\"search_term_string\"}}],\"inLanguage\":\"en-US\"},{\"@type\":\"Organization\",\"@id\":\"https:\/\/yolochoice.com\/#organization\",\"name\":\"YoloChoice\",\"url\":\"https:\/\/yolochoice.com\/\",\"logo\":{\"@type\":\"ImageObject\",\"inLanguage\":\"en-US\",\"@id\":\"https:\/\/yolochoice.com\/#\/schema\/logo\/image\/\",\"url\":\"https:\/\/yolochoice.com\/wp-content\/uploads\/2023\/04\/logo-yolo-200.png\",\"contentUrl\":\"https:\/\/yolochoice.com\/wp-content\/uploads\/2023\/04\/logo-yolo-200.png\",\"width\":200,\"height\":92,\"caption\":\"YoloChoice\"},\"image\":{\"@id\":\"https:\/\/yolochoice.com\/#\/schema\/logo\/image\/\"},\"sameAs\":[\"https:\/\/www.facebook.com\/yolochoice\",\"https:\/\/instagram.com\/yolochoice\/\",\"https:\/\/www.youtube.com\/channel\/UCubFQ9B4mu-X_KQ-jYCubgg\"]}]}<\/script>\n<!-- \/ Yoast SEO plugin. -->","yoast_head_json":{"title":"Consultor\u00eda Educativa-Evaluacion de perfil migratorio - YoloChoice","robots":{"index":"index","follow":"follow","max-snippet":"max-snippet:-1","max-image-preview":"max-image-preview:large","max-video-preview":"max-video-preview:-1"},"canonical":"https:\/\/yolochoice.com\/consultoria-educativa-evaluacion-de-perfil-migratorio\/?lang=en","og_locale":"en_US","og_type":"article","og_title":"Consultor\u00eda Educativa-Evaluacion de perfil migratorio - YoloChoice","og_description":"MEASURE YOUR ENGLISH WITH OUR TEST FREE. Completa el siguiente formulario para registrarte en nuestro examen gratuito. No olvides marcar la opcion \u27a1\ufe0fEXAMEN de nivelaci\u00f3n de ingl\u00e9s gratuito (Conoce tu nivel de ingl\u00e9s).","og_url":"https:\/\/yolochoice.com\/consultoria-educativa-evaluacion-de-perfil-migratorio\/?lang=en","og_site_name":"YoloChoice","article_publisher":"https:\/\/www.facebook.com\/yolochoice","article_modified_time":"2021-01-03T15:19:52+00:00","twitter_card":"summary_large_image","twitter_misc":{"Est. reading time":"1 minute"},"schema":{"@context":"https:\/\/schema.org","@graph":[{"@type":"WebPage","@id":"https:\/\/yolochoice.com\/consultoria-educativa-evaluacion-de-perfil-migratorio\/?lang=en","url":"https:\/\/yolochoice.com\/consultoria-educativa-evaluacion-de-perfil-migratorio\/?lang=en","name":"Consultor\u00eda Educativa-Evaluacion de perfil migratorio - YoloChoice","isPartOf":{"@id":"https:\/\/yolochoice.com\/#website"},"datePublished":"2021-01-03T15:09:12+00:00","dateModified":"2021-01-03T15:19:52+00:00","breadcrumb":{"@id":"https:\/\/yolochoice.com\/consultoria-educativa-evaluacion-de-perfil-migratorio\/?lang=en#breadcrumb"},"inLanguage":"en-US","potentialAction":[{"@type":"ReadAction","target":["https:\/\/yolochoice.com\/consultoria-educativa-evaluacion-de-perfil-migratorio\/?lang=en"]}]},{"@type":"BreadcrumbList","@id":"https:\/\/yolochoice.com\/consultoria-educativa-evaluacion-de-perfil-migratorio\/?lang=en#breadcrumb","itemListElement":[{"@type":"ListItem","position":1,"name":"Portada","item":"https:\/\/yolochoice.com\/"},{"@type":"ListItem","position":2,"name":"Consultor\u00eda Educativa-Evaluacion de perfil migratorio"}]},{"@type":"WebSite","@id":"https:\/\/yolochoice.com\/#website","url":"https:\/\/yolochoice.com\/","name":"YoloChoice","description":"Estudia y trabaja en el extranjero","publisher":{"@id":"https:\/\/yolochoice.com\/#organization"},"potentialAction":[{"@type":"SearchAction","target":{"@type":"EntryPoint","urlTemplate":"https:\/\/yolochoice.com\/?s={search_term_string}"},"query-input":{"@type":"PropertyValueSpecification","valueRequired":true,"valueName":"search_term_string"}}],"inLanguage":"en-US"},{"@type":"Organization","@id":"https:\/\/yolochoice.com\/#organization","name":"YoloChoice","url":"https:\/\/yolochoice.com\/","logo":{"@type":"ImageObject","inLanguage":"en-US","@id":"https:\/\/yolochoice.com\/#\/schema\/logo\/image\/","url":"https:\/\/yolochoice.com\/wp-content\/uploads\/2023\/04\/logo-yolo-200.png","contentUrl":"https:\/\/yolochoice.com\/wp-content\/uploads\/2023\/04\/logo-yolo-200.png","width":200,"height":92,"caption":"YoloChoice"},"image":{"@id":"https:\/\/yolochoice.com\/#\/schema\/logo\/image\/"},"sameAs":["https:\/\/www.facebook.com\/yolochoice","https:\/\/instagram.com\/yolochoice\/","https:\/\/www.youtube.com\/channel\/UCubFQ9B4mu-X_KQ-jYCubgg"]}]}},"jetpack_sharing_enabled":true,"_links":{"self":[{"href":"https:\/\/yolochoice.com\/en\/wp-json\/wp\/v2\/pages\/4331","targetHints":{"allow":["GET"]}}],"collection":[{"href":"https:\/\/yolochoice.com\/en\/wp-json\/wp\/v2\/pages"}],"about":[{"href":"https:\/\/yolochoice.com\/en\/wp-json\/wp\/v2\/types\/page"}],"author":[{"embeddable":true,"href":"https:\/\/yolochoice.com\/en\/wp-json\/wp\/v2\/users\/2"}],"replies":[{"embeddable":true,"href":"https:\/\/yolochoice.com\/en\/wp-json\/wp\/v2\/comments?post=4331"}],"version-history":[{"count":3,"href":"https:\/\/yolochoice.com\/en\/wp-json\/wp\/v2\/pages\/4331\/revisions"}],"predecessor-version":[{"id":4336,"href":"https:\/\/yolochoice.com\/en\/wp-json\/wp\/v2\/pages\/4331\/revisions\/4336"}],"wp:attachment":[{"href":"https:\/\/yolochoice.com\/en\/wp-json\/wp\/v2\/media?parent=4331"}],"curies":[{"name":"wp","href":"https:\/\/api.w.org\/{rel}","templated":true}]}}